{"id":674,"date":"2021-03-27T11:57:16","date_gmt":"2021-03-27T11:57:16","guid":{"rendered":"https:\/\/tpsprendimai.lt\/?page_id=674"},"modified":"2021-03-30T11:49:16","modified_gmt":"2021-03-30T11:49:16","slug":"apie-mus","status":"publish","type":"page","link":"https:\/\/tpsprendimai.lt\/index.php\/apie-mus\/","title":{"rendered":"Apie mus"},"content":{"rendered":"\t\t<div data-elementor-type=\"wp-page\" data-elementor-id=\"674\" class=\"elementor elementor-674\" data-elementor-settings=\"[]\">\n\t\t\t\t\t\t\t<div class=\"elementor-section-wrap\">\n\t\t\t\t\t\t\t<section class=\"elementor-section elementor-top-section elementor-element elementor-element-49f1b11 elementor-section-boxed elementor-section-height-default elementor-section-height-default\" data-id=\"49f1b11\" data-element_type=\"section\">\n\t\t\t\t\t\t<div class=\"elementor-container elementor-column-gap-default\">\n\t\t\t\t\t<div class=\"elementor-column elementor-col-50 elementor-top-column elementor-element elementor-element-4190ab30 animated-slow elementor-invisible\" data-id=\"4190ab30\" data-element_type=\"column\" data-settings=\"{&quot;animation&quot;:&quot;fadeInLeft&quot;,&quot;animation_delay&quot;:500}\">\n\t\t\t<div class=\"elementor-widget-wrap elementor-element-populated\">\n\t\t\t\t\t\t\t\t<div class=\"elementor-element elementor-element-5c662dc0 elementor-widget elementor-widget-heading\" data-id=\"5c662dc0\" data-element_type=\"widget\" data-widget_type=\"heading.default\">\n\t\t\t\t<div class=\"elementor-widget-container\">\n\t\t\t<h2 class=\"elementor-heading-title elementor-size-default\"><b> Apie mus <\/b><\/h2>\t\t<\/div>\n\t\t\t\t<\/div>\n\t\t\t\t<div class=\"elementor-element elementor-element-5ae97a34 elementor-widget-divider--view-line elementor-widget elementor-widget-divider\" data-id=\"5ae97a34\" data-element_type=\"widget\" data-widget_type=\"divider.default\">\n\t\t\t\t<div class=\"elementor-widget-container\">\n\t\t\t\t\t<div class=\"elementor-divider\">\n\t\t\t<span class=\"elementor-divider-separator\">\n\t\t\t\t\t\t<\/span>\n\t\t<\/div>\n\t\t\t\t<\/div>\n\t\t\t\t<\/div>\n\t\t\t\t<div class=\"elementor-element elementor-element-3404eeb7 elementor-widget elementor-widget-text-editor\" data-id=\"3404eeb7\" data-element_type=\"widget\" data-widget_type=\"text-editor.default\">\n\t\t\t\t<div class=\"elementor-widget-container\">\n\t\t\t\t\t<div class=\"elementor-text-editor elementor-clearfix\"><p><span style=\"text-align: left; font-family: Roboto;\">\u201eTvarios pl\u0117tros sprendimai\u201c yra ilgamet\u0119 patirt\u012f turinti valdymo tobulinimo ir investicij\u0173 pritraukimo bei administravimo\u00a0<\/span><span style=\"text-align: left; font-family: Roboto;\">konsultaci<\/span><span style=\"text-align: left; font-family: Roboto;\">n\u0117<\/span><span style=\"text-align: justify;\">\u00a0<\/span><span style=\"text-align: justify; font-family: Roboto;\">bendrija, veikianti projektiniu principu. Mes padedame skirtingoms organizacijoms s\u0117kmingai \u012fgyvendinti sisteminius veiklos poky\u010dius, pasiekti reik\u0161ming\u0173 prover\u017ei\u0173 \u012fvairiose valdymo srityse ir pritraukti finansavim\u0105, svyruojant\u012f nuo keliasde\u0161imties t\u016bkstan\u010di\u0173 iki keli\u0173 \u0161imt\u0173 milijon\u0173 eur\u0173.<\/span><\/p><p style=\"text-align: left; line-height: normal; margin: 6.0pt 0cm 0cm 0cm;\"><b><span style=\"font-family: 'Roboto'; mso-ansi-language: LT;\">Misija<\/span><\/b><\/p><p style=\"margin-bottom: 0cm; text-align: left; line-height: normal;\"><span style=\"font-family: 'Roboto',sans-serif; mso-ansi-language: LT;\">Talkinti vie\u0161ajam, priva\u010diajam ir nevyriausybiniam sektoriams pl\u0117tros, veiklos optimizavimo, efektyvumo u\u017etikrinimo ir poky\u010di\u0173 valdymo procesuose.<\/span><\/p><p style=\"margin-bottom: 0cm; text-align: justify; line-height: normal;\"><span style=\"font-family: 'Roboto',sans-serif; mso-ansi-language: LT;\">\u00a0<\/span><\/p><p style=\"text-align: left; line-height: normal; margin: 6.0pt 0cm 0cm 0cm;\"><b style=\"font-family: Roboto, sans-serif;\">Vizija<br \/><\/b><span style=\"font-family: Roboto;\">Pripa\u017eintas <\/span><span style=\"font-family: Roboto;\">partneris, kurio veikla grind\u017eiama ilgalaike s\u0105veika, t\u0119stinumu, ekspertin\u0117mis <\/span><span style=\"font-family: Roboto, sans-serif;\">\u017einiomis, kompetencija bei patirtimi.<\/span><\/p><p style=\"text-align: left; line-height: normal; margin: 6.0pt 0cm 0cm 0cm;\">\u00a0<\/p><\/div>\n\t\t\t\t<\/div>\n\t\t\t\t<\/div>\n\t\t\t\t\t<\/div>\n\t\t<\/div>\n\t\t\t\t<div class=\"elementor-column elementor-col-50 elementor-top-column elementor-element elementor-element-2cc59f83 animated-slow elementor-invisible\" data-id=\"2cc59f83\" data-element_type=\"column\" data-settings=\"{&quot;animation&quot;:&quot;fadeInRight&quot;,&quot;animation_delay&quot;:500}\">\n\t\t\t<div class=\"elementor-widget-wrap elementor-element-populated\">\n\t\t\t\t\t\t\t\t<div class=\"elementor-element elementor-element-6473f802 elementor-widget elementor-widget-image\" data-id=\"6473f802\" data-element_type=\"widget\" data-widget_type=\"image.default\">\n\t\t\t\t<div class=\"elementor-widget-container\">\n\t\t\t\t\t<div class=\"elementor-image\">\n\t\t\t\t\t\t\t\t\t\t<img src=\"https:\/\/tpsprendimai.lt\/wp-content\/uploads\/elementor\/thumbs\/apie-mus-1-p4txhiud1wagir0pqntzpx8df7q0zkmsxj13fikzqc.jpg\" title=\"apie-mus-1\" alt=\"apie-mus-1\" \/>\t\t\t\t\t\t\t\t\t\t\t<\/div>\n\t\t\t\t<\/div>\n\t\t\t\t<\/div>\n\t\t\t\t\t<\/div>\n\t\t<\/div>\n\t\t\t\t\t\t\t<\/div>\n\t\t<\/section>\n\t\t\t\t<section class=\"elementor-section elementor-top-section elementor-element elementor-element-494d402 elementor-section-boxed elementor-section-height-default elementor-section-height-default\" data-id=\"494d402\" data-element_type=\"section\">\n\t\t\t\t\t\t<div class=\"elementor-container elementor-column-gap-default\">\n\t\t\t\t\t<div class=\"elementor-column elementor-col-20 elementor-top-column elementor-element elementor-element-2fcb8be\" data-id=\"2fcb8be\" data-element_type=\"column\">\n\t\t\t<div class=\"elementor-widget-wrap elementor-element-populated\">\n\t\t\t\t\t\t\t\t<div class=\"elementor-element elementor-element-47197e4 elementor-position-top elementor-vertical-align-top elementor-widget elementor-widget-image-box\" data-id=\"47197e4\" data-element_type=\"widget\" data-widget_type=\"image-box.default\">\n\t\t\t\t<div class=\"elementor-widget-container\">\n\t\t\t<div class=\"elementor-image-box-wrapper\"><figure class=\"elementor-image-box-img\"><img width=\"764\" height=\"544\" src=\"https:\/\/tpsprendimai.lt\/wp-content\/uploads\/2021\/03\/icon1.png\" class=\"attachment-full size-full\" alt=\"\" loading=\"lazy\" srcset=\"https:\/\/tpsprendimai.lt\/wp-content\/uploads\/2021\/03\/icon1.png 764w, https:\/\/tpsprendimai.lt\/wp-content\/uploads\/2021\/03\/icon1-300x214.png 300w\" sizes=\"(max-width: 764px) 100vw, 764px\" \/><\/figure><div class=\"elementor-image-box-content\"><h3 class=\"elementor-image-box-title\">Profesionalumas<\/h3><p class=\"elementor-image-box-description\"><span style=\"color: rgb(71, 71, 71); font-family: Roboto; font-size: 16px; text-align: left; white-space: normal; background-color: rgb(251, 251, 251);\">Nevykdome veiklos, kurios nei\u0161manome, visi m\u016bs\u0173 si\u016blomi sprendimai grind\u017eiami ger\u0105ja praktika ir \u017einiomis, o darbas paremtas pa\u017eangi\u0173 praktini\u0173 ir teorini\u0173 \u012franki\u0173 naudojimu.<\/span><\/p><\/div><\/div>\t\t<\/div>\n\t\t\t\t<\/div>\n\t\t\t\t\t<\/div>\n\t\t<\/div>\n\t\t\t\t<div class=\"elementor-column elementor-col-20 elementor-top-column elementor-element elementor-element-5516b86\" data-id=\"5516b86\" data-element_type=\"column\">\n\t\t\t<div class=\"elementor-widget-wrap elementor-element-populated\">\n\t\t\t\t\t\t\t\t<div class=\"elementor-element elementor-element-12f8118 elementor-position-top elementor-vertical-align-top elementor-widget elementor-widget-image-box\" data-id=\"12f8118\" data-element_type=\"widget\" data-widget_type=\"image-box.default\">\n\t\t\t\t<div class=\"elementor-widget-container\">\n\t\t\t<div class=\"elementor-image-box-wrapper\"><figure class=\"elementor-image-box-img\"><img width=\"764\" height=\"544\" src=\"https:\/\/tpsprendimai.lt\/wp-content\/uploads\/2021\/03\/icon5.png\" class=\"attachment-full size-full\" alt=\"\" loading=\"lazy\" srcset=\"https:\/\/tpsprendimai.lt\/wp-content\/uploads\/2021\/03\/icon5.png 764w, https:\/\/tpsprendimai.lt\/wp-content\/uploads\/2021\/03\/icon5-300x214.png 300w\" sizes=\"(max-width: 764px) 100vw, 764px\" \/><\/figure><div class=\"elementor-image-box-content\"><h3 class=\"elementor-image-box-title\">Patirtis<\/h3><p class=\"elementor-image-box-description\"><span style=\"color: rgb(71, 71, 71); font-family: Roboto; font-size: 16px; text-align: left; white-space: normal; background-color: rgb(251, 251, 251);\">Ilgamet\u0117 s\u0105veika su skirting\u0173 sri\u010di\u0173 atstovais leid\u017eia efektyviai veikti taupant m\u016bs\u0173 ir J\u016bs\u0173 laik\u0105 ir i\u0161teklius, o bendradarbiavimas su vie\u0161ojo valdymo institucijomis ir kitomis organizacijoms leid\u017eia i\u0161vengti vadybini\u0173 trikd\u017ei\u0173.<\/span><\/p><\/div><\/div>\t\t<\/div>\n\t\t\t\t<\/div>\n\t\t\t\t\t<\/div>\n\t\t<\/div>\n\t\t\t\t<div class=\"elementor-column elementor-col-20 elementor-top-column elementor-element elementor-element-1bfcf4c\" data-id=\"1bfcf4c\" data-element_type=\"column\">\n\t\t\t<div class=\"elementor-widget-wrap elementor-element-populated\">\n\t\t\t\t\t\t\t\t<div class=\"elementor-element elementor-element-69e674a elementor-position-top elementor-vertical-align-top elementor-widget elementor-widget-image-box\" data-id=\"69e674a\" data-element_type=\"widget\" data-widget_type=\"image-box.default\">\n\t\t\t\t<div class=\"elementor-widget-container\">\n\t\t\t<div class=\"elementor-image-box-wrapper\"><figure class=\"elementor-image-box-img\"><img width=\"764\" height=\"544\" src=\"https:\/\/tpsprendimai.lt\/wp-content\/uploads\/2021\/03\/icon3.png\" class=\"attachment-full size-full\" alt=\"\" loading=\"lazy\" srcset=\"https:\/\/tpsprendimai.lt\/wp-content\/uploads\/2021\/03\/icon3.png 764w, https:\/\/tpsprendimai.lt\/wp-content\/uploads\/2021\/03\/icon3-300x214.png 300w\" sizes=\"(max-width: 764px) 100vw, 764px\" \/><\/figure><div class=\"elementor-image-box-content\"><h3 class=\"elementor-image-box-title\">Tobul\u0117jimas<\/h3><p class=\"elementor-image-box-description\"><span style=\"color: rgb(71, 71, 71); font-family: Roboto; font-size: 16px; text-align: left; white-space: normal; background-color: rgb(251, 251, 251);\">B\u016bdami atviri naujov\u0117ms ir siekdami geriau atlikti savo u\u017eduotis nuolat keliam kvalifikacij\u0105, gerinam \u012fg\u016bd\u017eius, gilinam \u017einias ir diegiam pa\u017eangiausias metodikas.<\/span><\/p><\/div><\/div>\t\t<\/div>\n\t\t\t\t<\/div>\n\t\t\t\t\t<\/div>\n\t\t<\/div>\n\t\t\t\t<div class=\"elementor-column elementor-col-20 elementor-top-column elementor-element elementor-element-56333a3\" data-id=\"56333a3\" data-element_type=\"column\">\n\t\t\t<div class=\"elementor-widget-wrap elementor-element-populated\">\n\t\t\t\t\t\t\t\t<div class=\"elementor-element elementor-element-1c60c6c elementor-position-top elementor-vertical-align-top elementor-widget elementor-widget-image-box\" data-id=\"1c60c6c\" data-element_type=\"widget\" data-widget_type=\"image-box.default\">\n\t\t\t\t<div class=\"elementor-widget-container\">\n\t\t\t<div class=\"elementor-image-box-wrapper\"><figure class=\"elementor-image-box-img\"><img width=\"300\" height=\"214\" src=\"https:\/\/tpsprendimai.lt\/wp-content\/uploads\/2021\/03\/icon2-300x214.png\" class=\"attachment-medium size-medium\" alt=\"\" loading=\"lazy\" srcset=\"https:\/\/tpsprendimai.lt\/wp-content\/uploads\/2021\/03\/icon2-300x214.png 300w, https:\/\/tpsprendimai.lt\/wp-content\/uploads\/2021\/03\/icon2.png 764w\" sizes=\"(max-width: 300px) 100vw, 300px\" \/><\/figure><div class=\"elementor-image-box-content\"><h3 class=\"elementor-image-box-title\">\u012etrauktis<\/h3><p class=\"elementor-image-box-description\"><span style=\"color: rgb(71, 71, 71); font-family: Roboto; font-size: 16px; text-align: left; white-space: normal; background-color: rgb(251, 251, 251);\">Suprasdami J\u016bs\u0173 situacijos i\u0161skirtinum\u0105, nekuriame kartotini\u0173 produkt\u0173, vertiname individualius J\u016bs\u0173 poreikius, remiantis kuriais \u012ftraukiam Jus \u012f paslaug\u0173 teikimo proces\u0105 ir leid\u017eiam j\u012f kontroliuoti.<\/span><\/p><\/div><\/div>\t\t<\/div>\n\t\t\t\t<\/div>\n\t\t\t\t\t<\/div>\n\t\t<\/div>\n\t\t\t\t<div class=\"elementor-column elementor-col-20 elementor-top-column elementor-element elementor-element-37ec24f\" data-id=\"37ec24f\" data-element_type=\"column\">\n\t\t\t<div class=\"elementor-widget-wrap elementor-element-populated\">\n\t\t\t\t\t\t\t\t<div class=\"elementor-element elementor-element-cae1b77 elementor-position-top elementor-vertical-align-top elementor-widget elementor-widget-image-box\" data-id=\"cae1b77\" data-element_type=\"widget\" data-widget_type=\"image-box.default\">\n\t\t\t\t<div class=\"elementor-widget-container\">\n\t\t\t<div class=\"elementor-image-box-wrapper\"><figure class=\"elementor-image-box-img\"><img width=\"764\" height=\"544\" src=\"https:\/\/tpsprendimai.lt\/wp-content\/uploads\/2021\/03\/icon4.png\" class=\"attachment-full size-full\" alt=\"\" loading=\"lazy\" srcset=\"https:\/\/tpsprendimai.lt\/wp-content\/uploads\/2021\/03\/icon4.png 764w, https:\/\/tpsprendimai.lt\/wp-content\/uploads\/2021\/03\/icon4-300x214.png 300w\" sizes=\"(max-width: 764px) 100vw, 764px\" \/><\/figure><div class=\"elementor-image-box-content\"><h3 class=\"elementor-image-box-title\">Rezultatyvumas<\/h3><p class=\"elementor-image-box-description\"><span style=\"color: rgb(71, 71, 71); font-family: Roboto; font-size: 16px; text-align: left; white-space: normal; background-color: rgb(251, 251, 251);\">Siekiame spr\u0119sti realias J\u016bs\u0173 problemas, tod\u0117l minimizuojame formalizm\u0105 ir bendradarbiaujame su Jumis nuo J\u016bs\u0173 problemos sprendimo prad\u017eios iki pabaigos, \u017eymimos konkre\u010diu rezultatu.<\/span><\/p><\/div><\/div>\t\t<\/div>\n\t\t\t\t<\/div>\n\t\t\t\t\t<\/div>\n\t\t<\/div>\n\t\t\t\t\t\t\t<\/div>\n\t\t<\/section>\n\t\t\t\t<section class=\"elementor-section elementor-top-section elementor-element elementor-element-050b60e elementor-section-boxed elementor-section-height-default elementor-section-height-default\" data-id=\"050b60e\" data-element_type=\"section\">\n\t\t\t\t\t\t<div class=\"elementor-container elementor-column-gap-default\">\n\t\t\t\t\t<div class=\"elementor-column elementor-col-100 elementor-top-column elementor-element elementor-element-026b4a3\" data-id=\"026b4a3\" data-element_type=\"column\">\n\t\t\t<div class=\"elementor-widget-wrap elementor-element-populated\">\n\t\t\t\t\t\t\t\t<div class=\"elementor-element elementor-element-550a42a elementor-widget elementor-widget-image\" data-id=\"550a42a\" data-element_type=\"widget\" data-widget_type=\"image.default\">\n\t\t\t\t<div class=\"elementor-widget-container\">\n\t\t\t\t\t<div class=\"elementor-image\">\n\t\t\t\t\t\t\t\t\t\t<img width=\"7371\" height=\"682\" src=\"https:\/\/tpsprendimai.lt\/wp-content\/uploads\/2021\/03\/apie.png\" class=\"attachment-full size-full\" alt=\"\" loading=\"lazy\" srcset=\"https:\/\/tpsprendimai.lt\/wp-content\/uploads\/2021\/03\/apie.png 7371w, https:\/\/tpsprendimai.lt\/wp-content\/uploads\/2021\/03\/apie-300x28.png 300w, https:\/\/tpsprendimai.lt\/wp-content\/uploads\/2021\/03\/apie-1024x95.png 1024w, https:\/\/tpsprendimai.lt\/wp-content\/uploads\/2021\/03\/apie-768x71.png 768w, https:\/\/tpsprendimai.lt\/wp-content\/uploads\/2021\/03\/apie-1536x142.png 1536w, https:\/\/tpsprendimai.lt\/wp-content\/uploads\/2021\/03\/apie-2048x189.png 2048w\" sizes=\"(max-width: 7371px) 100vw, 7371px\" \/>\t\t\t\t\t\t\t\t\t\t\t<\/div>\n\t\t\t\t<\/div>\n\t\t\t\t<\/div>\n\t\t\t\t\t<\/div>\n\t\t<\/div>\n\t\t\t\t\t\t\t<\/div>\n\t\t<\/section>\n\t\t\t\t<section class=\"elementor-section elementor-top-section elementor-element elementor-element-ef25ede elementor-section-boxed elementor-section-height-default elementor-section-height-default\" data-id=\"ef25ede\" data-element_type=\"section\">\n\t\t\t\t\t\t<div class=\"elementor-container elementor-column-gap-default\">\n\t\t\t\t\t<div class=\"elementor-column elementor-col-100 elementor-top-column elementor-element elementor-element-fa2e47d\" data-id=\"fa2e47d\" data-element_type=\"column\">\n\t\t\t<div class=\"elementor-widget-wrap elementor-element-populated\">\n\t\t\t\t\t\t\t\t<div class=\"elementor-element elementor-element-025e2e2 elementor-widget elementor-widget-spacer\" data-id=\"025e2e2\" data-element_type=\"widget\" data-widget_type=\"spacer.default\">\n\t\t\t\t<div class=\"elementor-widget-container\">\n\t\t\t\t\t<div class=\"elementor-spacer\">\n\t\t\t<div class=\"elementor-spacer-inner\"><\/div>\n\t\t<\/div>\n\t\t\t\t<\/div>\n\t\t\t\t<\/div>\n\t\t\t\t\t<\/div>\n\t\t<\/div>\n\t\t\t\t\t\t\t<\/div>\n\t\t<\/section>\n\t\t\t\t<section class=\"elementor-section elementor-top-section elementor-element elementor-element-bf48db3 elementor-section-boxed elementor-section-height-default elementor-section-height-default\" data-id=\"bf48db3\" data-element_type=\"section\">\n\t\t\t\t\t\t<div class=\"elementor-container elementor-column-gap-default\">\n\t\t\t\t\t<div class=\"elementor-column elementor-col-100 elementor-top-column elementor-element elementor-element-572e1f2\" data-id=\"572e1f2\" data-element_type=\"column\">\n\t\t\t<div class=\"elementor-widget-wrap elementor-element-populated\">\n\t\t\t\t\t\t\t\t<div class=\"elementor-element elementor-element-22b0659 elementor-widget elementor-widget-heading\" data-id=\"22b0659\" data-element_type=\"widget\" data-widget_type=\"heading.default\">\n\t\t\t\t<div class=\"elementor-widget-container\">\n\t\t\t<h2 class=\"elementor-heading-title elementor-size-default\">Mumis pasitiki<\/h2>\t\t<\/div>\n\t\t\t\t<\/div>\n\t\t\t\t\t<\/div>\n\t\t<\/div>\n\t\t\t\t\t\t\t<\/div>\n\t\t<\/section>\n\t\t\t\t<section class=\"elementor-section elementor-top-section elementor-element elementor-element-e661b7d elementor-section-boxed elementor-section-height-default elementor-section-height-default\" data-id=\"e661b7d\" data-element_type=\"section\">\n\t\t\t\t\t\t<div class=\"elementor-container elementor-column-gap-default\">\n\t\t\t\t\t<div class=\"elementor-column elementor-col-100 elementor-top-column elementor-element elementor-element-058c82e\" data-id=\"058c82e\" data-element_type=\"column\">\n\t\t\t<div class=\"elementor-widget-wrap elementor-element-populated\">\n\t\t\t\t\t\t\t\t<div class=\"elementor-element elementor-element-411df9e elementor-arrows-position-inside elementor-pagination-position-outside elementor-widget elementor-widget-image-carousel\" data-id=\"411df9e\" data-element_type=\"widget\" data-settings=\"{&quot;navigation&quot;:&quot;both&quot;,&quot;autoplay&quot;:&quot;yes&quot;,&quot;pause_on_hover&quot;:&quot;yes&quot;,&quot;pause_on_interaction&quot;:&quot;yes&quot;,&quot;autoplay_speed&quot;:5000,&quot;infinite&quot;:&quot;yes&quot;,&quot;speed&quot;:500}\" data-widget_type=\"image-carousel.default\">\n\t\t\t\t<div class=\"elementor-widget-container\">\n\t\t\t\t\t<div class=\"elementor-image-carousel-wrapper swiper-container\" dir=\"ltr\">\n\t\t\t<div class=\"elementor-image-carousel swiper-wrapper\">\n\t\t\t\t<div class=\"swiper-slide\"><figure class=\"swiper-slide-inner\"><img class=\"swiper-slide-image\" src=\"https:\/\/tpsprendimai.lt\/wp-content\/uploads\/2021\/03\/18-300x45.png\" alt=\"18\" \/><\/figure><\/div><div class=\"swiper-slide\"><figure class=\"swiper-slide-inner\"><img class=\"swiper-slide-image\" src=\"https:\/\/tpsprendimai.lt\/wp-content\/uploads\/2021\/03\/11-300x77.png\" alt=\"11\" \/><\/figure><\/div><div class=\"swiper-slide\"><figure class=\"swiper-slide-inner\"><img class=\"swiper-slide-image\" src=\"https:\/\/tpsprendimai.lt\/wp-content\/uploads\/2021\/03\/8-300x99.png\" alt=\"8\" \/><\/figure><\/div><div class=\"swiper-slide\"><figure class=\"swiper-slide-inner\"><img class=\"swiper-slide-image\" src=\"https:\/\/tpsprendimai.lt\/wp-content\/uploads\/2021\/03\/7-300x95.png\" alt=\"7\" \/><\/figure><\/div><div class=\"swiper-slide\"><figure class=\"swiper-slide-inner\"><img class=\"swiper-slide-image\" src=\"https:\/\/tpsprendimai.lt\/wp-content\/uploads\/2021\/03\/1-300x97.png\" alt=\"1\" \/><\/figure><\/div><div class=\"swiper-slide\"><figure class=\"swiper-slide-inner\"><img class=\"swiper-slide-image\" src=\"https:\/\/tpsprendimai.lt\/wp-content\/uploads\/2021\/03\/3-300x133.png\" alt=\"3\" \/><\/figure><\/div><div class=\"swiper-slide\"><figure class=\"swiper-slide-inner\"><img class=\"swiper-slide-image\" src=\"https:\/\/tpsprendimai.lt\/wp-content\/uploads\/2021\/03\/14-300x101.png\" alt=\"14\" \/><\/figure><\/div><div class=\"swiper-slide\"><figure class=\"swiper-slide-inner\"><img class=\"swiper-slide-image\" src=\"https:\/\/tpsprendimai.lt\/wp-content\/uploads\/2021\/03\/2-300x125.png\" alt=\"2\" \/><\/figure><\/div><div class=\"swiper-slide\"><figure class=\"swiper-slide-inner\"><img class=\"swiper-slide-image\" src=\"https:\/\/tpsprendimai.lt\/wp-content\/uploads\/2021\/03\/5-300x117.png\" alt=\"5\" \/><\/figure><\/div><div class=\"swiper-slide\"><figure class=\"swiper-slide-inner\"><img class=\"swiper-slide-image\" src=\"https:\/\/tpsprendimai.lt\/wp-content\/uploads\/2021\/03\/15-300x146.png\" alt=\"15\" \/><\/figure><\/div><div class=\"swiper-slide\"><figure class=\"swiper-slide-inner\"><img class=\"swiper-slide-image\" src=\"https:\/\/tpsprendimai.lt\/wp-content\/uploads\/2021\/03\/17-300x159.png\" alt=\"17\" \/><\/figure><\/div><div class=\"swiper-slide\"><figure class=\"swiper-slide-inner\"><img class=\"swiper-slide-image\" src=\"https:\/\/tpsprendimai.lt\/wp-content\/uploads\/2021\/03\/9-300x149.png\" alt=\"9\" \/><\/figure><\/div><div class=\"swiper-slide\"><figure class=\"swiper-slide-inner\"><img class=\"swiper-slide-image\" src=\"https:\/\/tpsprendimai.lt\/wp-content\/uploads\/2021\/03\/10-300x144.png\" alt=\"10\" \/><\/figure><\/div><div class=\"swiper-slide\"><figure class=\"swiper-slide-inner\"><img class=\"swiper-slide-image\" src=\"https:\/\/tpsprendimai.lt\/wp-content\/uploads\/2021\/03\/6-300x211.png\" alt=\"6\" \/><\/figure><\/div><div class=\"swiper-slide\"><figure class=\"swiper-slide-inner\"><img class=\"swiper-slide-image\" src=\"https:\/\/tpsprendimai.lt\/wp-content\/uploads\/2021\/03\/12-300x117.png\" alt=\"12\" \/><\/figure><\/div><div class=\"swiper-slide\"><figure class=\"swiper-slide-inner\"><img class=\"swiper-slide-image\" src=\"https:\/\/tpsprendimai.lt\/wp-content\/uploads\/2021\/03\/13-300x151.png\" alt=\"13\" \/><\/figure><\/div><div class=\"swiper-slide\"><figure class=\"swiper-slide-inner\"><img class=\"swiper-slide-image\" src=\"https:\/\/tpsprendimai.lt\/wp-content\/uploads\/2021\/03\/16-300x139.png\" alt=\"16\" \/><\/figure><\/div><div class=\"swiper-slide\"><figure class=\"swiper-slide-inner\"><img class=\"swiper-slide-image\" src=\"https:\/\/tpsprendimai.lt\/wp-content\/uploads\/2021\/03\/4.png\" alt=\"4\" \/><\/figure><\/div>\t\t\t<\/div>\n\t\t\t\t\t\t\t\t\t\t\t\t<div class=\"swiper-pagination\"><\/div>\n\t\t\t\t\t\t\t\t\t\t\t\t\t<div class=\"elementor-swiper-button elementor-swiper-button-prev\">\n\t\t\t\t\t\t<i class=\"eicon-chevron-left\" aria-hidden=\"true\"><\/i>\n\t\t\t\t\t\t<span class=\"elementor-screen-only\">Previous<\/span>\n\t\t\t\t\t<\/div>\n\t\t\t\t\t<div class=\"elementor-swiper-button elementor-swiper-button-next\">\n\t\t\t\t\t\t<i class=\"eicon-chevron-right\" aria-hidden=\"true\"><\/i>\n\t\t\t\t\t\t<span class=\"elementor-screen-only\">Next<\/span>\n\t\t\t\t\t<\/div>\n\t\t\t\t\t\t\t\t\t<\/div>\n\t\t\t\t<\/div>\n\t\t\t\t<\/div>\n\t\t\t\t\t<\/div>\n\t\t<\/div>\n\t\t\t\t\t\t\t<\/div>\n\t\t<\/section>\n\t\t\t\t\t\t<\/div>\n\t\t\t\t\t<\/div>\n\t\t","protected":false},"excerpt":{"rendered":"<p>Apie mus \u201eTvarios pl\u0117tros sprendimai\u201c yra ilgamet\u0119 patirt\u012f turinti valdymo tobulinimo ir investicij\u0173 pritraukimo bei administravimo&nbsp;konsultacin\u0117&nbsp;bendrija, veikianti projektiniu principu. Mes padedame skirtingoms organizacijoms s\u0117kmingai \u012fgyvendinti sisteminius veiklos poky\u010dius, pasiekti reik\u0161ming\u0173 prover\u017ei\u0173 \u012fvairiose valdymo srityse ir pritraukti finansavim\u0105, svyruojant\u012f nuo keliasde\u0161imties t\u016bkstan\u010di\u0173 iki keli\u0173 \u0161imt\u0173 milijon\u0173 eur\u0173. Misija Talkinti vie\u0161ajam, priva\u010diajam ir nevyriausybiniam sektoriams pl\u0117tros, veiklos<br \/><a class=\"moretag\" href=\"https:\/\/tpsprendimai.lt\/index.php\/apie-mus\/\">+ Read More<\/a><\/p>\n","protected":false},"author":1,"featured_media":1179,"parent":0,"menu_order":0,"comment_status":"closed","ping_status":"closed","template":"templates\/page-builder.php","meta":[],"_links":{"self":[{"href":"https:\/\/tpsprendimai.lt\/index.php\/wp-json\/wp\/v2\/pages\/674"}],"collection":[{"href":"https:\/\/tpsprendimai.lt\/index.php\/wp-json\/wp\/v2\/pages"}],"about":[{"href":"https:\/\/tpsprendimai.lt\/index.php\/wp-json\/wp\/v2\/types\/page"}],"author":[{"embeddable":true,"href":"https:\/\/tpsprendimai.lt\/index.php\/wp-json\/wp\/v2\/users\/1"}],"replies":[{"embeddable":true,"href":"https:\/\/tpsprendimai.lt\/index.php\/wp-json\/wp\/v2\/comments?post=674"}],"version-history":[{"count":218,"href":"https:\/\/tpsprendimai.lt\/index.php\/wp-json\/wp\/v2\/pages\/674\/revisions"}],"predecessor-version":[{"id":1180,"href":"https:\/\/tpsprendimai.lt\/index.php\/wp-json\/wp\/v2\/pages\/674\/revisions\/1180"}],"wp:featuredmedia":[{"embeddable":true,"href":"https:\/\/tpsprendimai.lt\/index.php\/wp-json\/wp\/v2\/media\/1179"}],"wp:attachment":[{"href":"https:\/\/tpsprendimai.lt\/index.php\/wp-json\/wp\/v2\/media?parent=674"}],"curies":[{"name":"wp","href":"https:\/\/api.w.org\/{rel}","templated":true}]}}